{"id":35,"date":"2017-07-04T17:24:32","date_gmt":"2017-07-04T17:24:32","guid":{"rendered":"http:\/\/kgrillo.de\/?page_id=35"},"modified":"2017-07-04T18:28:51","modified_gmt":"2017-07-04T18:28:51","slug":"ueber-mich","status":"publish","type":"page","link":"https:\/\/kgrillo.de\/?page_id=35","title":{"rendered":"\u00fcber mich"},"content":{"rendered":"<figure id=\"attachment_9\" aria-describedby=\"caption-attachment-9\" style=\"width: 225px\" class=\"wp-caption alignleft\"><img loading=\"lazy\" decoding=\"async\" class=\"size-medium wp-image-9\" src=\"http:\/\/kgrillo.de\/wp-content\/uploads\/2017\/07\/Katharina-Grillo-225x300.jpg\" alt=\"\" width=\"225\" height=\"300\" srcset=\"https:\/\/kgrillo.de\/wp-content\/uploads\/2017\/07\/Katharina-Grillo-225x300.jpg 225w, https:\/\/kgrillo.de\/wp-content\/uploads\/2017\/07\/Katharina-Grillo-768x1024.jpg 768w, https:\/\/kgrillo.de\/wp-content\/uploads\/2017\/07\/Katharina-Grillo.jpg 1536w\" sizes=\"auto, (max-width: 225px) 100vw, 225px\" \/><figcaption id=\"caption-attachment-9\" class=\"wp-caption-text\">Katarzyna Grillo<\/figcaption><\/figure>\n<p>1968 wurde ich in Breslau, Polen geboren und bin in einer K\u00fcnstlerfamilie aufgewachsen . Mein Vater und mein Gro\u00dfvater waren ebenfalls K\u00fcnstler, so malte und zeichnete ich schon als Kleinkind. Durch diese gl\u00fccklichen Umst\u00e4nde wurde mein Leben von Kindesbeinen an durch die Kunst gepr\u00e4gt.<\/p>\n<p>1983-1988 besuchte ich ein Kunstgymnasium. Neben Malerei, Zeichnungen und Bildhauerei absolvierte ich mein Diplom im Bereich Schmuckdesign. Metall faszinierte mich in all seinen Formen.<br \/>\nIn Posen besuchte ich eine Kunstakademie und studierte Kunst. Dazu z\u00e4hlten die F\u00e4cher Kunstgeschichte, Philosophie, technische Zeichnung. Grunds\u00e4tze der Perspektiven, Malerei, Zeichnung, Graphik und die Probleme der visuellen Kommunikation wurden erlernt. All das verhalf mir, Kunst besser zu verstehen und meine Gef\u00fchle besser auszudr\u00fccken. ich lerne bei jedem Bild etwas dazu, entdecke neue Techniken und erweitere meine M\u00f6glichkeiten.<br \/>\nBeim Malen lasse ich mich von meiner Fantasie leiten. So entstehen eigene Entw\u00fcrfe, aber auch Portraits. Des Weiteren bin ich in die Fu\u00dfstapfen meines Vaters getreten, da auch ich religi\u00f6se Bilder f\u00fcr viele Kirchen in ganz Deutschland, \u00d6sterreich, Russland und Italien male. In Breslau, Polen hatte ich schon einige Ausstellungen.<\/p>\n<p>Katarzyna Grillo<\/p>\n","protected":false},"excerpt":{"rendered":"<p>1968 wurde ich in Breslau, Polen geboren und bin in einer K\u00fcnstlerfamilie aufgewachsen . Mein Vater und mein Gro\u00dfvater waren ebenfalls K\u00fcnstler, so malte und zeichnete ich schon als Kleinkind. Durch diese gl\u00fccklichen Umst\u00e4nde wurde mein Leben von Kindesbeinen an durch die Kunst gepr\u00e4gt. 1983-1988 besuchte ich ein Kunstgymnasium. Neben Malerei, Zeichnungen und Bildhauerei absolvierte &hellip; <\/p>\n<p class=\"link-more\"><a href=\"https:\/\/kgrillo.de\/?page_id=35\" class=\"more-link\"><span class=\"screen-reader-text\">&#8222;\u00fcber mich&#8220;<\/span> weiterlesen<\/a><\/p>\n","protected":false},"author":1,"featured_media":0,"parent":0,"menu_order":0,"comment_status":"closed","ping_status":"closed","template":"","meta":{"footnotes":""},"class_list":["post-35","page","type-page","status-publish","hentry"],"_links":{"self":[{"href":"https:\/\/kgrillo.de\/index.php?rest_route=\/wp\/v2\/pages\/35","targetHints":{"allow":["GET"]}}],"collection":[{"href":"https:\/\/kgrillo.de\/index.php?rest_route=\/wp\/v2\/pages"}],"about":[{"href":"https:\/\/kgrillo.de\/index.php?rest_route=\/wp\/v2\/types\/page"}],"author":[{"embeddable":true,"href":"https:\/\/kgrillo.de\/index.php?rest_route=\/wp\/v2\/users\/1"}],"replies":[{"embeddable":true,"href":"https:\/\/kgrillo.de\/index.php?rest_route=%2Fwp%2Fv2%2Fcomments&post=35"}],"version-history":[{"count":4,"href":"https:\/\/kgrillo.de\/index.php?rest_route=\/wp\/v2\/pages\/35\/revisions"}],"predecessor-version":[{"id":71,"href":"https:\/\/kgrillo.de\/index.php?rest_route=\/wp\/v2\/pages\/35\/revisions\/71"}],"wp:attachment":[{"href":"https:\/\/kgrillo.de\/index.php?rest_route=%2Fwp%2Fv2%2Fmedia&parent=35"}],"curies":[{"name":"wp","href":"https:\/\/api.w.org\/{rel}","templated":true}]}}