{"id":34,"date":"2017-07-04T17:24:32","date_gmt":"2017-07-04T17:24:32","guid":{"rendered":"http:\/\/kgrillo.de\/?page_id=34"},"modified":"2017-09-18T12:57:51","modified_gmt":"2017-09-18T12:57:51","slug":"galerie","status":"publish","type":"page","link":"https:\/\/kgrillo.de\/?page_id=34","title":{"rendered":"Galerie"},"content":{"rendered":"<p>Hier darf ich Ihnen eine kleine Auswahl meiner Bilder vorstellen.<\/p>\n<p><a href=\"http:\/\/kgrillo.de\/?page_id=132\">Eigene Entw\u00fcrfe und Kreationen<\/a><\/p>\n<p><img loading=\"lazy\" decoding=\"async\" class=\"alignnone wp-image-141 size-medium\" src=\"http:\/\/kgrillo.de\/wp-content\/uploads\/2017\/09\/IMG_2299-212x300.jpg\" alt=\"\" width=\"212\" height=\"300\" srcset=\"https:\/\/kgrillo.de\/wp-content\/uploads\/2017\/09\/IMG_2299-212x300.jpg 212w, https:\/\/kgrillo.de\/wp-content\/uploads\/2017\/09\/IMG_2299-768x1087.jpg 768w, https:\/\/kgrillo.de\/wp-content\/uploads\/2017\/09\/IMG_2299-723x1024.jpg 723w, https:\/\/kgrillo.de\/wp-content\/uploads\/2017\/09\/IMG_2299.jpg 904w\" sizes=\"auto, (max-width: 212px) 100vw, 212px\" \/><\/p>\n<p><a href=\"http:\/\/kgrillo.de\/?page_id=173\">Religi\u00f6se Motive<\/a><\/p>\n<p><img loading=\"lazy\" decoding=\"async\" class=\"alignnone wp-image-176 size-medium\" src=\"http:\/\/kgrillo.de\/wp-content\/uploads\/2017\/09\/Jesus-156x300.png\" alt=\"\" width=\"156\" height=\"300\" srcset=\"https:\/\/kgrillo.de\/wp-content\/uploads\/2017\/09\/Jesus-156x300.png 156w, https:\/\/kgrillo.de\/wp-content\/uploads\/2017\/09\/Jesus.png 317w\" sizes=\"auto, (max-width: 156px) 100vw, 156px\" \/><\/p>\n<p><a href=\"http:\/\/kgrillo.de\/?page_id=182\">Portr\u00e4ts<\/a><\/p>\n<p><img loading=\"lazy\" decoding=\"async\" class=\"alignnone wp-image-187 size-medium\" src=\"http:\/\/kgrillo.de\/wp-content\/uploads\/2017\/09\/Mann-220x300.png\" alt=\"\" width=\"220\" height=\"300\" srcset=\"https:\/\/kgrillo.de\/wp-content\/uploads\/2017\/09\/Mann-220x300.png 220w, https:\/\/kgrillo.de\/wp-content\/uploads\/2017\/09\/Mann.png 399w\" sizes=\"auto, (max-width: 220px) 100vw, 220px\" \/><\/p>\n<p><a href=\"http:\/\/kgrillo.de\/?page_id=194\">Reproduktionen<\/a><\/p>\n<p><img loading=\"lazy\" decoding=\"async\" class=\"alignnone wp-image-202 size-medium\" src=\"http:\/\/kgrillo.de\/wp-content\/uploads\/2017\/09\/Schrei-210x300.png\" alt=\"\" width=\"210\" height=\"300\" srcset=\"https:\/\/kgrillo.de\/wp-content\/uploads\/2017\/09\/Schrei-210x300.png 210w, https:\/\/kgrillo.de\/wp-content\/uploads\/2017\/09\/Schrei.png 266w\" sizes=\"auto, (max-width: 210px) 100vw, 210px\" \/><\/p>\n<p>&nbsp;<\/p>\n<p>&nbsp;<\/p>\n","protected":false},"excerpt":{"rendered":"<p>Hier darf ich Ihnen eine kleine Auswahl meiner Bilder vorstellen. Eigene Entw\u00fcrfe und Kreationen Religi\u00f6se Motive Portr\u00e4ts Reproduktionen &nbsp; &nbsp;<\/p>\n","protected":false},"author":1,"featured_media":0,"parent":0,"menu_order":0,"comment_status":"closed","ping_status":"closed","template":"","meta":{"footnotes":""},"class_list":["post-34","page","type-page","status-publish","hentry"],"_links":{"self":[{"href":"https:\/\/kgrillo.de\/index.php?rest_route=\/wp\/v2\/pages\/34","targetHints":{"allow":["GET"]}}],"collection":[{"href":"https:\/\/kgrillo.de\/index.php?rest_route=\/wp\/v2\/pages"}],"about":[{"href":"https:\/\/kgrillo.de\/index.php?rest_route=\/wp\/v2\/types\/page"}],"author":[{"embeddable":true,"href":"https:\/\/kgrillo.de\/index.php?rest_route=\/wp\/v2\/users\/1"}],"replies":[{"embeddable":true,"href":"https:\/\/kgrillo.de\/index.php?rest_route=%2Fwp%2Fv2%2Fcomments&post=34"}],"version-history":[{"count":14,"href":"https:\/\/kgrillo.de\/index.php?rest_route=\/wp\/v2\/pages\/34\/revisions"}],"predecessor-version":[{"id":212,"href":"https:\/\/kgrillo.de\/index.php?rest_route=\/wp\/v2\/pages\/34\/revisions\/212"}],"wp:attachment":[{"href":"https:\/\/kgrillo.de\/index.php?rest_route=%2Fwp%2Fv2%2Fmedia&parent=34"}],"curies":[{"name":"wp","href":"https:\/\/api.w.org\/{rel}","templated":true}]}}