{"id":26,"date":"2017-07-04T18:45:48","date_gmt":"2017-07-04T18:45:48","guid":{"rendered":"http:\/\/kgrillo.de\/?page_id=26"},"modified":"2017-09-12T14:25:11","modified_gmt":"2017-09-12T14:25:11","slug":"impressum-2","status":"publish","type":"page","link":"https:\/\/kgrillo.de\/?page_id=26","title":{"rendered":"Impressum\/Disclaimer"},"content":{"rendered":"<p>Impressum:<\/p>\n<p>Verantwortlich f\u00fcr den Inhalt:<br \/>\nKatarzyna Grillo<br \/>\nBergstr. 2, 66128 Saarbr\u00fccken<br \/>\nErreichbarkeit: info@kgrillo.de<br \/>\nHomepagegestaltung:<br \/>\nF.Recktenwald<br \/>\nMail: felix@recktenwald.saarland<\/p>\n<p>Disclaimer: (Haftungsausschluss)<\/p>\n<p>1. Inhalt der Webseite:<br \/>\nDie Inhalte dieser Webseite wurden sorgf\u00e4ltig und nach aktuellem Kenntnisstand des Autors erstellt. Wir sind f\u00fcr diese nur im Rahmen der allgemeinen Gesetze verantwortlich, insbesondere f\u00fcr eigene Inhalte nach \u00a7 7 TMG, f\u00fcr fremde Inhalte gem. \u00a7\u00a7 8 \u2013 10 TMG. Als Diensteanbieter sind wir f\u00fcr fremde Inhalte fr\u00fchestens ab Kenntniserlangung einer konkreten Rechtsverletzung verantwortlich. Wir behalten uns vor, die informatorischen Inhalte vollst\u00e4ndig oder teilweise zu \u00e4ndern oder l\u00f6schen, soweit vertragliche Verpflichtungen unber\u00fchrt bleiben.<br \/>\n2. Verweisung auf fremde Seiten:<br \/>\nInhalte fremder Webseiten, auf die wir direkt oder indirekt verweisen (durch \u201eHyperlinks\u201c oder \u201eDeeplinks\u201c), liegen au\u00dferhalb unseres Verantwortungsbereiches und machen wir uns nicht zu Eigen. Zum Zeitpunkt der Linksetzung waren f\u00fcr uns keine illegalen Inhalte auf den verlinkten Webseiten erkennbar. Da wir auf die aktuelle und zuk\u00fcnftige Gestaltung die Inhalte der verlinkten Webseiten keinerlei Einfluss haben, distanzieren wir uns ausdr\u00fccklich von allen Inhalten verlinkter Webseiten, die nach der Linksetzung ver\u00e4ndert wurden. F\u00fcr alle Inhalte und insbesondere f\u00fcr Sch\u00e4den, die aus der Nutzung der in den verlinkten Webseiten aufrufbaren Informationen entstehen, haftet allein der Anbieter der Seite, auf welche verlinkt wurde. Erhalten wir von illegalen, rechtswidrigen oder fehlerhaften Inhalten auf Webseiten Kenntnis, die wir verlinken, werden wir die Verlinkung aufheben.<br \/>\n3. Urheberrechte<br \/>\nAlle auf dieser Webseite dargestellten Inhalte, also insbesondere Texte, Bilder, Fotos, grafische Darstellungen, Musiken, Marken, Warenzeichen, unterliegen den Normen des deutschen Urheberrechts. Die Verwendung, Vervielf\u00e4ltigung usw. unterliegt den Rechten der jeweiligen Urheber bzw. Rechteverwalter. Wenn Sie solche Werke verwenden wollen, werden wir auf Anfrage gerne den Kontakt zum jeweiligen Urheber\/Rechteverwalter herstellen.<br \/>\n4. Allgemeine Gleichstellung:<br \/>\nIn den Texten wird meist nur eine Geschlechtsform gew\u00e4hlt um eine bessere Lesbarkeit zu gew\u00e4hrleisten. Davon unbeeinflusst beziehen sich die Angaben dieser Webseite auf alle Geschlechter.<br \/>\nDieser Muster-Disclaimer f\u00fcr Webseiten wurde erstellt von der Anwaltskanzlei Viola Lachenmann, http:\/\/www.kanzlei-lachenmann.de\/.<\/p>\n","protected":false},"excerpt":{"rendered":"<p>Impressum: Verantwortlich f\u00fcr den Inhalt: Katarzyna Grillo Bergstr. 2, 66128 Saarbr\u00fccken Erreichbarkeit: info@kgrillo.de Homepagegestaltung: F.Recktenwald Mail: felix@recktenwald.saarland Disclaimer: (Haftungsausschluss) 1. Inhalt der Webseite: Die Inhalte dieser Webseite wurden sorgf\u00e4ltig und nach aktuellem Kenntnisstand des Autors erstellt. Wir sind f\u00fcr diese nur im Rahmen der allgemeinen Gesetze verantwortlich, insbesondere f\u00fcr eigene Inhalte nach \u00a7 7 TMG, &hellip; <\/p>\n<p class=\"link-more\"><a href=\"https:\/\/kgrillo.de\/?page_id=26\" class=\"more-link\"><span class=\"screen-reader-text\">&#8222;Impressum\/Disclaimer&#8220;<\/span> weiterlesen<\/a><\/p>\n","protected":false},"author":1,"featured_media":0,"parent":0,"menu_order":0,"comment_status":"closed","ping_status":"closed","template":"","meta":{"footnotes":""},"class_list":["post-26","page","type-page","status-publish","hentry"],"_links":{"self":[{"href":"https:\/\/kgrillo.de\/index.php?rest_route=\/wp\/v2\/pages\/26","targetHints":{"allow":["GET"]}}],"collection":[{"href":"https:\/\/kgrillo.de\/index.php?rest_route=\/wp\/v2\/pages"}],"about":[{"href":"https:\/\/kgrillo.de\/index.php?rest_route=\/wp\/v2\/types\/page"}],"author":[{"embeddable":true,"href":"https:\/\/kgrillo.de\/index.php?rest_route=\/wp\/v2\/users\/1"}],"replies":[{"embeddable":true,"href":"https:\/\/kgrillo.de\/index.php?rest_route=%2Fwp%2Fv2%2Fcomments&post=26"}],"version-history":[{"count":5,"href":"https:\/\/kgrillo.de\/index.php?rest_route=\/wp\/v2\/pages\/26\/revisions"}],"predecessor-version":[{"id":126,"href":"https:\/\/kgrillo.de\/index.php?rest_route=\/wp\/v2\/pages\/26\/revisions\/126"}],"wp:attachment":[{"href":"https:\/\/kgrillo.de\/index.php?rest_route=%2Fwp%2Fv2%2Fmedia&parent=26"}],"curies":[{"name":"wp","href":"https:\/\/api.w.org\/{rel}","templated":true}]}}